{"id":7085,"date":"2019-10-21T15:18:51","date_gmt":"2019-10-21T13:18:51","guid":{"rendered":"https:\/\/www.agrimpex.pl\/sciolkujaca\/"},"modified":"2023-09-20T10:04:18","modified_gmt":"2023-09-20T08:04:18","slug":"mulch-fabric","status":"publish","type":"page","link":"https:\/\/www.agrimpex.pl\/en\/mulch-fabric\/","title":{"rendered":"Hobby &#8211; Weed control mulch fabric"},"content":{"rendered":"","protected":false},"excerpt":{"rendered":"","protected":false},"author":17,"featured_media":2062,"parent":7277,"menu_order":0,"comment_status":"closed","ping_status":"closed","template":"template\/home-page.php","meta":{"_acf_changed":false,"footnotes":""},"class_list":["post-7085","page","type-page","status-publish","has-post-thumbnail","hentry"],"acf":[],"yoast_head":"<!-- This site is optimized with the Yoast SEO plugin v27.4 - https:\/\/yoast.com\/product\/yoast-seo-wordpress\/ -->\n<title>Hobby - Weed control mulch fabric Agrimpex<\/title>\n<meta name=\"description\" content=\"Agrimpex weed control mulch fabric in a natural way prevents the growth of weeds. It is a perfect choice while growing fruit and vegetables.\" \/>\n<meta name=\"robots\" content=\"index, follow, max-snippet:-1, max-image-preview:large, max-video-preview:-1\" \/>\n<link rel=\"canonical\" href=\"https:\/\/www.agrimpex.pl\/en\/mulch-fabric\/\" \/>\n<meta property=\"og:locale\" content=\"en_US\" \/>\n<meta property=\"og:type\" content=\"article\" \/>\n<meta property=\"og:title\" content=\"Hobby - Weed control mulch fabric Agrimpex\" \/>\n<meta property=\"og:description\" content=\"Agrimpex weed control mulch fabric in a natural way prevents the growth of weeds. It is a perfect choice while growing fruit and vegetables.\" \/>\n<meta property=\"og:url\" content=\"https:\/\/www.agrimpex.pl\/en\/mulch-fabric\/\" \/>\n<meta property=\"og:site_name\" content=\"Agrimpex\" \/>\n<meta property=\"article:modified_time\" content=\"2023-09-20T08:04:18+00:00\" \/>\n<meta property=\"og:image\" content=\"https:\/\/www.agrimpex.pl\/wp-content\/uploads\/2019\/10\/sciolka.png\" \/>\n\t<meta property=\"og:image:width\" content=\"1000\" \/>\n\t<meta property=\"og:image:height\" content=\"1000\" \/>\n\t<meta property=\"og:image:type\" content=\"image\/png\" \/>\n<meta name=\"twitter:card\" content=\"summary_large_image\" \/>\n<!-- \/ Yoast SEO plugin. -->","yoast_head_json":{"title":"Hobby - Weed control mulch fabric Agrimpex","description":"Agrimpex weed control mulch fabric in a natural way prevents the growth of weeds. It is a perfect choice while growing fruit and vegetables.","robots":{"index":"index","follow":"follow","max-snippet":"max-snippet:-1","max-image-preview":"max-image-preview:large","max-video-preview":"max-video-preview:-1"},"canonical":"https:\/\/www.agrimpex.pl\/en\/mulch-fabric\/","og_locale":"en_US","og_type":"article","og_title":"Hobby - Weed control mulch fabric Agrimpex","og_description":"Agrimpex weed control mulch fabric in a natural way prevents the growth of weeds. It is a perfect choice while growing fruit and vegetables.","og_url":"https:\/\/www.agrimpex.pl\/en\/mulch-fabric\/","og_site_name":"Agrimpex","article_modified_time":"2023-09-20T08:04:18+00:00","og_image":[{"width":1000,"height":1000,"url":"https:\/\/www.agrimpex.pl\/wp-content\/uploads\/2019\/10\/sciolka.png","type":"image\/png"}],"twitter_card":"summary_large_image","schema":{"@context":"https:\/\/schema.org","@graph":[{"@type":"WebPage","@id":"https:\/\/www.agrimpex.pl\/en\/mulch-fabric\/","url":"https:\/\/www.agrimpex.pl\/en\/mulch-fabric\/","name":"Hobby - Weed control mulch fabric Agrimpex","isPartOf":{"@id":"https:\/\/www.agrimpex.pl\/en\/#website"},"primaryImageOfPage":{"@id":"https:\/\/www.agrimpex.pl\/en\/mulch-fabric\/#primaryimage"},"image":{"@id":"https:\/\/www.agrimpex.pl\/en\/mulch-fabric\/#primaryimage"},"thumbnailUrl":"https:\/\/www.agrimpex.pl\/wp-content\/uploads\/2019\/10\/sciolka.png","datePublished":"2019-10-21T13:18:51+00:00","dateModified":"2023-09-20T08:04:18+00:00","description":"Agrimpex weed control mulch fabric in a natural way prevents the growth of weeds. It is a perfect choice while growing fruit and vegetables.","breadcrumb":{"@id":"https:\/\/www.agrimpex.pl\/en\/mulch-fabric\/#breadcrumb"},"inLanguage":"en-US","potentialAction":[{"@type":"ReadAction","target":["https:\/\/www.agrimpex.pl\/en\/mulch-fabric\/"]}]},{"@type":"ImageObject","inLanguage":"en-US","@id":"https:\/\/www.agrimpex.pl\/en\/mulch-fabric\/#primaryimage","url":"https:\/\/www.agrimpex.pl\/wp-content\/uploads\/2019\/10\/sciolka.png","contentUrl":"https:\/\/www.agrimpex.pl\/wp-content\/uploads\/2019\/10\/sciolka.png","width":1000,"height":1000,"caption":"Agrow\u0142\u00f3knina czarna \u015bci\u00f3\u0142kuj\u0105ca"},{"@type":"BreadcrumbList","@id":"https:\/\/www.agrimpex.pl\/en\/mulch-fabric\/#breadcrumb","itemListElement":[{"@type":"ListItem","position":1,"name":"Home","item":"https:\/\/www.agrimpex.pl\/en\/"},{"@type":"ListItem","position":2,"name":"Hobby","item":"https:\/\/www.agrimpex.pl\/en\/hobby-offer\/"},{"@type":"ListItem","position":3,"name":"Hobby &#8211; Weed control mulch fabric"}]},{"@type":"WebSite","@id":"https:\/\/www.agrimpex.pl\/en\/#website","url":"https:\/\/www.agrimpex.pl\/en\/","name":"Agrimpex","description":"","publisher":{"@id":"https:\/\/www.agrimpex.pl\/en\/#organization"},"potentialAction":[{"@type":"SearchAction","target":{"@type":"EntryPoint","urlTemplate":"https:\/\/www.agrimpex.pl\/en\/?s={search_term_string}"},"query-input":{"@type":"PropertyValueSpecification","valueRequired":true,"valueName":"search_term_string"}}],"inLanguage":"en-US"},{"@type":"Organization","@id":"https:\/\/www.agrimpex.pl\/en\/#organization","name":"Agrimpex","url":"https:\/\/www.agrimpex.pl\/en\/","logo":{"@type":"ImageObject","inLanguage":"en-US","@id":"https:\/\/www.agrimpex.pl\/en\/#\/schema\/logo\/image\/","url":"https:\/\/www.agrimpex.pl\/wp-content\/uploads\/2019\/08\/AGRIMPEX-logo.svg","contentUrl":"https:\/\/www.agrimpex.pl\/wp-content\/uploads\/2019\/08\/AGRIMPEX-logo.svg","width":256,"height":91,"caption":"Agrimpex"},"image":{"@id":"https:\/\/www.agrimpex.pl\/en\/#\/schema\/logo\/image\/"}}]}},"_links":{"self":[{"href":"https:\/\/www.agrimpex.pl\/en\/wp-json\/wp\/v2\/pages\/7085","targetHints":{"allow":["GET"]}}],"collection":[{"href":"https:\/\/www.agrimpex.pl\/en\/wp-json\/wp\/v2\/pages"}],"about":[{"href":"https:\/\/www.agrimpex.pl\/en\/wp-json\/wp\/v2\/types\/page"}],"author":[{"embeddable":true,"href":"https:\/\/www.agrimpex.pl\/en\/wp-json\/wp\/v2\/users\/17"}],"replies":[{"embeddable":true,"href":"https:\/\/www.agrimpex.pl\/en\/wp-json\/wp\/v2\/comments?post=7085"}],"version-history":[{"count":21,"href":"https:\/\/www.agrimpex.pl\/en\/wp-json\/wp\/v2\/pages\/7085\/revisions"}],"predecessor-version":[{"id":44271,"href":"https:\/\/www.agrimpex.pl\/en\/wp-json\/wp\/v2\/pages\/7085\/revisions\/44271"}],"up":[{"embeddable":true,"href":"https:\/\/www.agrimpex.pl\/en\/wp-json\/wp\/v2\/pages\/7277"}],"wp:featuredmedia":[{"embeddable":true,"href":"https:\/\/www.agrimpex.pl\/en\/wp-json\/wp\/v2\/media\/2062"}],"wp:attachment":[{"href":"https:\/\/www.agrimpex.pl\/en\/wp-json\/wp\/v2\/media?parent=7085"}],"curies":[{"name":"wp","href":"https:\/\/api.w.org\/{rel}","templated":true}]}}