{"id":7098,"date":"2019-10-09T09:52:28","date_gmt":"2019-10-09T07:52:28","guid":{"rendered":"https:\/\/www.agrimpex.pl\/geomata\/"},"modified":"2020-11-30T13:50:54","modified_gmt":"2020-11-30T12:50:54","slug":"geotextile","status":"publish","type":"page","link":"https:\/\/www.agrimpex.pl\/en\/geotextile\/","title":{"rendered":"Hobby &#8211; Geotextile"},"content":{"rendered":"","protected":false},"excerpt":{"rendered":"","protected":false},"author":17,"featured_media":2257,"parent":7277,"menu_order":0,"comment_status":"closed","ping_status":"closed","template":"template\/home-page.php","meta":{"_acf_changed":false,"footnotes":""},"class_list":["post-7098","page","type-page","status-publish","has-post-thumbnail","hentry"],"acf":[],"yoast_head":"<!-- This site is optimized with the Yoast SEO plugin v27.4 - https:\/\/yoast.com\/product\/yoast-seo-wordpress\/ -->\n<title>Geotextile Agrimpex for soil stabilization recommended by professionals<\/title>\n<meta name=\"description\" content=\"Geotextile Agrimpex used by professionals to stabilize the soil. Recommended for the construction of terraces, swimming pools, pavements, and access roads.\" \/>\n<meta name=\"robots\" content=\"index, follow, max-snippet:-1, max-image-preview:large, max-video-preview:-1\" \/>\n<link rel=\"canonical\" href=\"https:\/\/www.agrimpex.pl\/en\/geotextile\/\" \/>\n<meta property=\"og:locale\" content=\"en_US\" \/>\n<meta property=\"og:type\" content=\"article\" \/>\n<meta property=\"og:title\" content=\"Geotextile Agrimpex for soil stabilization recommended by professionals\" \/>\n<meta property=\"og:description\" content=\"Geotextile Agrimpex used by professionals to stabilize the soil. Recommended for the construction of terraces, swimming pools, pavements, and access roads.\" \/>\n<meta property=\"og:url\" content=\"https:\/\/www.agrimpex.pl\/en\/geotextile\/\" \/>\n<meta property=\"og:site_name\" content=\"Agrimpex\" \/>\n<meta property=\"article:modified_time\" content=\"2020-11-30T12:50:54+00:00\" \/>\n<meta property=\"og:image\" content=\"https:\/\/www.agrimpex.pl\/wp-content\/uploads\/2019\/10\/geomata.png\" \/>\n\t<meta property=\"og:image:width\" content=\"1000\" \/>\n\t<meta property=\"og:image:height\" content=\"1000\" \/>\n\t<meta property=\"og:image:type\" content=\"image\/png\" \/>\n<meta name=\"twitter:card\" content=\"summary_large_image\" \/>\n<!-- \/ Yoast SEO plugin. -->","yoast_head_json":{"title":"Geotextile Agrimpex for soil stabilization recommended by professionals","description":"Geotextile Agrimpex used by professionals to stabilize the soil. Recommended for the construction of terraces, swimming pools, pavements, and access roads.","robots":{"index":"index","follow":"follow","max-snippet":"max-snippet:-1","max-image-preview":"max-image-preview:large","max-video-preview":"max-video-preview:-1"},"canonical":"https:\/\/www.agrimpex.pl\/en\/geotextile\/","og_locale":"en_US","og_type":"article","og_title":"Geotextile Agrimpex for soil stabilization recommended by professionals","og_description":"Geotextile Agrimpex used by professionals to stabilize the soil. Recommended for the construction of terraces, swimming pools, pavements, and access roads.","og_url":"https:\/\/www.agrimpex.pl\/en\/geotextile\/","og_site_name":"Agrimpex","article_modified_time":"2020-11-30T12:50:54+00:00","og_image":[{"width":1000,"height":1000,"url":"https:\/\/www.agrimpex.pl\/wp-content\/uploads\/2019\/10\/geomata.png","type":"image\/png"}],"twitter_card":"summary_large_image","schema":{"@context":"https:\/\/schema.org","@graph":[{"@type":"WebPage","@id":"https:\/\/www.agrimpex.pl\/en\/geotextile\/","url":"https:\/\/www.agrimpex.pl\/en\/geotextile\/","name":"Geotextile Agrimpex for soil stabilization recommended by professionals","isPartOf":{"@id":"https:\/\/www.agrimpex.pl\/en\/#website"},"primaryImageOfPage":{"@id":"https:\/\/www.agrimpex.pl\/en\/geotextile\/#primaryimage"},"image":{"@id":"https:\/\/www.agrimpex.pl\/en\/geotextile\/#primaryimage"},"thumbnailUrl":"https:\/\/www.agrimpex.pl\/wp-content\/uploads\/2019\/10\/geomata.png","datePublished":"2019-10-09T07:52:28+00:00","dateModified":"2020-11-30T12:50:54+00:00","description":"Geotextile Agrimpex used by professionals to stabilize the soil. Recommended for the construction of terraces, swimming pools, pavements, and access roads.","breadcrumb":{"@id":"https:\/\/www.agrimpex.pl\/en\/geotextile\/#breadcrumb"},"inLanguage":"en-US","potentialAction":[{"@type":"ReadAction","target":["https:\/\/www.agrimpex.pl\/en\/geotextile\/"]}]},{"@type":"ImageObject","inLanguage":"en-US","@id":"https:\/\/www.agrimpex.pl\/en\/geotextile\/#primaryimage","url":"https:\/\/www.agrimpex.pl\/wp-content\/uploads\/2019\/10\/geomata.png","contentUrl":"https:\/\/www.agrimpex.pl\/wp-content\/uploads\/2019\/10\/geomata.png","width":1000,"height":1000,"caption":"geomata geow\u0142\u00f3knina do stabilizacji pod\u0142o\u017ca"},{"@type":"BreadcrumbList","@id":"https:\/\/www.agrimpex.pl\/en\/geotextile\/#breadcrumb","itemListElement":[{"@type":"ListItem","position":1,"name":"Home","item":"https:\/\/www.agrimpex.pl\/en\/"},{"@type":"ListItem","position":2,"name":"Hobby","item":"https:\/\/www.agrimpex.pl\/en\/hobby-offer\/"},{"@type":"ListItem","position":3,"name":"Hobby &#8211; Geotextile"}]},{"@type":"WebSite","@id":"https:\/\/www.agrimpex.pl\/en\/#website","url":"https:\/\/www.agrimpex.pl\/en\/","name":"Agrimpex","description":"","publisher":{"@id":"https:\/\/www.agrimpex.pl\/en\/#organization"},"potentialAction":[{"@type":"SearchAction","target":{"@type":"EntryPoint","urlTemplate":"https:\/\/www.agrimpex.pl\/en\/?s={search_term_string}"},"query-input":{"@type":"PropertyValueSpecification","valueRequired":true,"valueName":"search_term_string"}}],"inLanguage":"en-US"},{"@type":"Organization","@id":"https:\/\/www.agrimpex.pl\/en\/#organization","name":"Agrimpex","url":"https:\/\/www.agrimpex.pl\/en\/","logo":{"@type":"ImageObject","inLanguage":"en-US","@id":"https:\/\/www.agrimpex.pl\/en\/#\/schema\/logo\/image\/","url":"https:\/\/www.agrimpex.pl\/wp-content\/uploads\/2019\/08\/AGRIMPEX-logo.svg","contentUrl":"https:\/\/www.agrimpex.pl\/wp-content\/uploads\/2019\/08\/AGRIMPEX-logo.svg","width":256,"height":91,"caption":"Agrimpex"},"image":{"@id":"https:\/\/www.agrimpex.pl\/en\/#\/schema\/logo\/image\/"}}]}},"_links":{"self":[{"href":"https:\/\/www.agrimpex.pl\/en\/wp-json\/wp\/v2\/pages\/7098","targetHints":{"allow":["GET"]}}],"collection":[{"href":"https:\/\/www.agrimpex.pl\/en\/wp-json\/wp\/v2\/pages"}],"about":[{"href":"https:\/\/www.agrimpex.pl\/en\/wp-json\/wp\/v2\/types\/page"}],"author":[{"embeddable":true,"href":"https:\/\/www.agrimpex.pl\/en\/wp-json\/wp\/v2\/users\/17"}],"replies":[{"embeddable":true,"href":"https:\/\/www.agrimpex.pl\/en\/wp-json\/wp\/v2\/comments?post=7098"}],"version-history":[{"count":16,"href":"https:\/\/www.agrimpex.pl\/en\/wp-json\/wp\/v2\/pages\/7098\/revisions"}],"predecessor-version":[{"id":8395,"href":"https:\/\/www.agrimpex.pl\/en\/wp-json\/wp\/v2\/pages\/7098\/revisions\/8395"}],"up":[{"embeddable":true,"href":"https:\/\/www.agrimpex.pl\/en\/wp-json\/wp\/v2\/pages\/7277"}],"wp:featuredmedia":[{"embeddable":true,"href":"https:\/\/www.agrimpex.pl\/en\/wp-json\/wp\/v2\/media\/2257"}],"wp:attachment":[{"href":"https:\/\/www.agrimpex.pl\/en\/wp-json\/wp\/v2\/media?parent=7098"}],"curies":[{"name":"wp","href":"https:\/\/api.w.org\/{rel}","templated":true}]}}